{"id":2996,"date":"2024-02-01T09:59:03","date_gmt":"2024-02-01T14:59:03","guid":{"rendered":"https:\/\/www.valprovost.com\/?post_type=product&#038;p=2996"},"modified":"2025-09-02T10:10:22","modified_gmt":"2025-09-02T14:10:22","slug":"guide-facile-du-seo-avec-wordpress-debutant","status":"publish","type":"product","link":"https:\/\/www.valprovost.com\/en\/product\/guide-facile-du-seo-avec-wordpress-debutant\/","title":{"rendered":"Guide facile du SEO avec WordPress &#8211; d\u00e9butant"},"content":{"rendered":"","protected":false},"excerpt":{"rendered":"<p>Tu veux am\u00e9liorer le fameux SEO sur ton site WordPress mais tu ne sais pas par o\u00f9 commencer? Mon Guide facile du SEO est un document de quelques pages qui t&#8217;expliquera de mani\u00e8re claire les bases pour avoir un site bien r\u00e9f\u00e9renc\u00e9 de fa\u00e7on naturelle. Je te donne mes trucs pour choisir les mots cl\u00e9s \u00e0 utiliser, les extensions \u00e0 installer et les outils qui peuvent t&#8217;aider. En suivant ce guide, tu apprendras \u00e9galement le vocabulaire sp\u00e9cifique au SEO. C&#8217;est l&#8217;outil id\u00e9al pour les d\u00e9butants qui veulent commencer \u00e0 optimiser leur site web pour les moteurs de recherche.<\/p>\n<p>Format .pdf, 5 pages bien remplies!<\/p>\n<h2>C&#8217;est quoi le SEO<\/h2>\n<p>Le SEO (Search Engine Optimization ou Optimisation pour les moteurs de recherche en bon fran\u00e7ais), est un \u00e9l\u00e9ment essentiel pour toute entreprise ayant une pr\u00e9sence en ligne. Il te permettra d&#8217;optimiser ton site web afin d&#8217;obtenir un meilleur classement dans les r\u00e9sultats des moteurs de recherche. Cela se traduira par une visibilit\u00e9 accrue, plus de trafic et finalement, plus de clients potentiels.<\/p>\n","protected":false},"featured_media":3002,"comment_status":"open","ping_status":"closed","template":"","meta":{"_acf_changed":false},"product_brand":[],"product_cat":[80],"product_tag":[],"class_list":{"0":"post-2996","1":"product","2":"type-product","3":"status-publish","4":"has-post-thumbnail","6":"product_cat-non-classe","8":"first","9":"instock","10":"downloadable","11":"virtual","12":"taxable","13":"purchasable","14":"product-type-simple"},"acf":[],"yoast_head":"<!-- This site is optimized with the Yoast SEO plugin v27.3 - https:\/\/yoast.com\/product\/yoast-seo-wordpress\/ -->\n<title>\ud83d\udcd1 Guide facile du SEO avec WordPress pour d\u00e9butants<\/title>\n<meta name=\"description\" content=\"Tu veux am\u00e9liorer le SEO sur ton site WordPress mais tu ne sais pas par o\u00f9 commencer? Ce guide t&#039;explique qu&#039;est-ce que le SEO et quoi faire pour d\u00e9marrer.\" \/>\n<meta name=\"robots\" content=\"noindex, follow\" \/>\n<meta property=\"og:locale\" content=\"en_US\" \/>\n<meta property=\"og:type\" content=\"article\" \/>\n<meta property=\"og:title\" content=\"\ud83d\udcd1 Guide facile du SEO avec WordPress pour d\u00e9butants\" \/>\n<meta property=\"og:description\" content=\"Tu veux am\u00e9liorer le SEO sur ton site WordPress mais tu ne sais pas par o\u00f9 commencer? Ce guide t&#039;explique qu&#039;est-ce que le SEO et quoi faire pour d\u00e9marrer.\" \/>\n<meta property=\"og:url\" content=\"https:\/\/www.valprovost.com\/en\/product\/guide-facile-du-seo-avec-wordpress-debutant\/\" \/>\n<meta property=\"og:site_name\" content=\"Val\u00e9rie Provost - Conception web\" \/>\n<meta property=\"article:publisher\" content=\"https:\/\/www.facebook.com\/valerie.provost.web\/\" \/>\n<meta property=\"article:modified_time\" content=\"2025-09-02T14:10:22+00:00\" \/>\n<meta property=\"og:image\" content=\"https:\/\/www.valprovost.com\/wp-content\/uploads\/2024\/02\/cover-guide-facile-seo.png\" \/>\n\t<meta property=\"og:image:width\" content=\"1080\" \/>\n\t<meta property=\"og:image:height\" content=\"1080\" \/>\n\t<meta property=\"og:image:type\" content=\"image\/png\" \/>\n<meta name=\"twitter:card\" content=\"summary_large_image\" \/>\n<meta name=\"twitter:label1\" content=\"Est. reading time\" \/>\n\t<meta name=\"twitter:data1\" content=\"1 minute\" \/>\n<script type=\"application\/ld+json\" class=\"yoast-schema-graph\">{\"@context\":\"https:\\\/\\\/schema.org\",\"@graph\":[{\"@type\":\"WebPage\",\"@id\":\"https:\\\/\\\/www.valprovost.com\\\/en\\\/product\\\/guide-facile-du-seo-avec-wordpress-debutant\\\/\",\"url\":\"https:\\\/\\\/www.valprovost.com\\\/en\\\/product\\\/guide-facile-du-seo-avec-wordpress-debutant\\\/\",\"name\":\"\ud83d\udcd1 Guide facile du SEO avec WordPress pour d\u00e9butants\",\"isPartOf\":{\"@id\":\"https:\\\/\\\/www.valprovost.com\\\/en\\\/#website\"},\"primaryImageOfPage\":{\"@id\":\"https:\\\/\\\/www.valprovost.com\\\/en\\\/product\\\/guide-facile-du-seo-avec-wordpress-debutant\\\/#primaryimage\"},\"image\":{\"@id\":\"https:\\\/\\\/www.valprovost.com\\\/en\\\/product\\\/guide-facile-du-seo-avec-wordpress-debutant\\\/#primaryimage\"},\"thumbnailUrl\":\"https:\\\/\\\/www.valprovost.com\\\/wp-content\\\/uploads\\\/2024\\\/02\\\/cover-guide-facile-seo.png\",\"datePublished\":\"2024-02-01T14:59:03+00:00\",\"dateModified\":\"2025-09-02T14:10:22+00:00\",\"description\":\"Tu veux am\u00e9liorer le SEO sur ton site WordPress mais tu ne sais pas par o\u00f9 commencer? Ce guide t'explique qu'est-ce que le SEO et quoi faire pour d\u00e9marrer.\",\"breadcrumb\":{\"@id\":\"https:\\\/\\\/www.valprovost.com\\\/en\\\/product\\\/guide-facile-du-seo-avec-wordpress-debutant\\\/#breadcrumb\"},\"inLanguage\":\"en-US\",\"potentialAction\":[{\"@type\":\"ReadAction\",\"target\":[\"https:\\\/\\\/www.valprovost.com\\\/en\\\/product\\\/guide-facile-du-seo-avec-wordpress-debutant\\\/\"]}]},{\"@type\":\"ImageObject\",\"inLanguage\":\"en-US\",\"@id\":\"https:\\\/\\\/www.valprovost.com\\\/en\\\/product\\\/guide-facile-du-seo-avec-wordpress-debutant\\\/#primaryimage\",\"url\":\"https:\\\/\\\/www.valprovost.com\\\/wp-content\\\/uploads\\\/2024\\\/02\\\/cover-guide-facile-seo.png\",\"contentUrl\":\"https:\\\/\\\/www.valprovost.com\\\/wp-content\\\/uploads\\\/2024\\\/02\\\/cover-guide-facile-seo.png\",\"width\":\"1080\",\"height\":\"1080\",\"caption\":\"Guide facile du SEO avec WordPress pour d\u00e9butants\"},{\"@type\":\"BreadcrumbList\",\"@id\":\"https:\\\/\\\/www.valprovost.com\\\/en\\\/product\\\/guide-facile-du-seo-avec-wordpress-debutant\\\/#breadcrumb\",\"itemListElement\":[{\"@type\":\"ListItem\",\"position\":1,\"name\":\"Accueil\",\"item\":\"https:\\\/\\\/www.valprovost.com\\\/en\\\/\"},{\"@type\":\"ListItem\",\"position\":2,\"name\":\"Shop\",\"item\":\"https:\\\/\\\/www.valprovost.com\\\/shop\\\/\"},{\"@type\":\"ListItem\",\"position\":3,\"name\":\"Guide facile du SEO avec WordPress &#8211; d\u00e9butant\"}]},{\"@type\":\"WebSite\",\"@id\":\"https:\\\/\\\/www.valprovost.com\\\/en\\\/#website\",\"url\":\"https:\\\/\\\/www.valprovost.com\\\/en\\\/\",\"name\":\"Val\u00e9rie Provost - Conception web\",\"description\":\"Sp\u00e9cialiste WordPress et Shopify\",\"publisher\":{\"@id\":\"https:\\\/\\\/www.valprovost.com\\\/en\\\/#organization\"},\"potentialAction\":[{\"@type\":\"SearchAction\",\"target\":{\"@type\":\"EntryPoint\",\"urlTemplate\":\"https:\\\/\\\/www.valprovost.com\\\/en\\\/?s={search_term_string}\"},\"query-input\":{\"@type\":\"PropertyValueSpecification\",\"valueRequired\":true,\"valueName\":\"search_term_string\"}}],\"inLanguage\":\"en-US\"},{\"@type\":\"Organization\",\"@id\":\"https:\\\/\\\/www.valprovost.com\\\/en\\\/#organization\",\"name\":\"Val\u00e9rie Provost - Conception web\",\"url\":\"https:\\\/\\\/www.valprovost.com\\\/en\\\/\",\"logo\":{\"@type\":\"ImageObject\",\"inLanguage\":\"en-US\",\"@id\":\"https:\\\/\\\/www.valprovost.com\\\/en\\\/#\\\/schema\\\/logo\\\/image\\\/\",\"url\":\"https:\\\/\\\/www.valprovost.com\\\/wp-content\\\/uploads\\\/2022\\\/11\\\/logo_2022_v01.png\",\"contentUrl\":\"https:\\\/\\\/www.valprovost.com\\\/wp-content\\\/uploads\\\/2022\\\/11\\\/logo_2022_v01.png\",\"width\":\"600\",\"height\":\"200\",\"caption\":\"Val\u00e9rie Provost - Conception web\"},\"image\":{\"@id\":\"https:\\\/\\\/www.valprovost.com\\\/en\\\/#\\\/schema\\\/logo\\\/image\\\/\"},\"sameAs\":[\"https:\\\/\\\/www.facebook.com\\\/valerie.provost.web\\\/\",\"https:\\\/\\\/www.linkedin.com\\\/in\\\/valerieprovost\\\/\",\"https:\\\/\\\/www.pinterest.com\\\/valerieprovost\\\/\"]}]}<\/script>\n<!-- \/ Yoast SEO plugin. -->","yoast_head_json":{"title":"\ud83d\udcd1 Guide facile du SEO avec WordPress pour d\u00e9butants","description":"Tu veux am\u00e9liorer le SEO sur ton site WordPress mais tu ne sais pas par o\u00f9 commencer? Ce guide t'explique qu'est-ce que le SEO et quoi faire pour d\u00e9marrer.","robots":{"index":"noindex","follow":"follow"},"og_locale":"en_US","og_type":"article","og_title":"\ud83d\udcd1 Guide facile du SEO avec WordPress pour d\u00e9butants","og_description":"Tu veux am\u00e9liorer le SEO sur ton site WordPress mais tu ne sais pas par o\u00f9 commencer? Ce guide t'explique qu'est-ce que le SEO et quoi faire pour d\u00e9marrer.","og_url":"https:\/\/www.valprovost.com\/en\/product\/guide-facile-du-seo-avec-wordpress-debutant\/","og_site_name":"Val\u00e9rie Provost - Conception web","article_publisher":"https:\/\/www.facebook.com\/valerie.provost.web\/","article_modified_time":"2025-09-02T14:10:22+00:00","og_image":[{"width":1080,"height":1080,"url":"https:\/\/www.valprovost.com\/wp-content\/uploads\/2024\/02\/cover-guide-facile-seo.png","type":"image\/png"}],"twitter_card":"summary_large_image","twitter_misc":{"Est. reading time":"1 minute"},"schema":{"@context":"https:\/\/schema.org","@graph":[{"@type":"WebPage","@id":"https:\/\/www.valprovost.com\/en\/product\/guide-facile-du-seo-avec-wordpress-debutant\/","url":"https:\/\/www.valprovost.com\/en\/product\/guide-facile-du-seo-avec-wordpress-debutant\/","name":"\ud83d\udcd1 Guide facile du SEO avec WordPress pour d\u00e9butants","isPartOf":{"@id":"https:\/\/www.valprovost.com\/en\/#website"},"primaryImageOfPage":{"@id":"https:\/\/www.valprovost.com\/en\/product\/guide-facile-du-seo-avec-wordpress-debutant\/#primaryimage"},"image":{"@id":"https:\/\/www.valprovost.com\/en\/product\/guide-facile-du-seo-avec-wordpress-debutant\/#primaryimage"},"thumbnailUrl":"https:\/\/www.valprovost.com\/wp-content\/uploads\/2024\/02\/cover-guide-facile-seo.png","datePublished":"2024-02-01T14:59:03+00:00","dateModified":"2025-09-02T14:10:22+00:00","description":"Tu veux am\u00e9liorer le SEO sur ton site WordPress mais tu ne sais pas par o\u00f9 commencer? Ce guide t'explique qu'est-ce que le SEO et quoi faire pour d\u00e9marrer.","breadcrumb":{"@id":"https:\/\/www.valprovost.com\/en\/product\/guide-facile-du-seo-avec-wordpress-debutant\/#breadcrumb"},"inLanguage":"en-US","potentialAction":[{"@type":"ReadAction","target":["https:\/\/www.valprovost.com\/en\/product\/guide-facile-du-seo-avec-wordpress-debutant\/"]}]},{"@type":"ImageObject","inLanguage":"en-US","@id":"https:\/\/www.valprovost.com\/en\/product\/guide-facile-du-seo-avec-wordpress-debutant\/#primaryimage","url":"https:\/\/www.valprovost.com\/wp-content\/uploads\/2024\/02\/cover-guide-facile-seo.png","contentUrl":"https:\/\/www.valprovost.com\/wp-content\/uploads\/2024\/02\/cover-guide-facile-seo.png","width":"1080","height":"1080","caption":"Guide facile du SEO avec WordPress pour d\u00e9butants"},{"@type":"BreadcrumbList","@id":"https:\/\/www.valprovost.com\/en\/product\/guide-facile-du-seo-avec-wordpress-debutant\/#breadcrumb","itemListElement":[{"@type":"ListItem","position":1,"name":"Accueil","item":"https:\/\/www.valprovost.com\/en\/"},{"@type":"ListItem","position":2,"name":"Shop","item":"https:\/\/www.valprovost.com\/shop\/"},{"@type":"ListItem","position":3,"name":"Guide facile du SEO avec WordPress &#8211; d\u00e9butant"}]},{"@type":"WebSite","@id":"https:\/\/www.valprovost.com\/en\/#website","url":"https:\/\/www.valprovost.com\/en\/","name":"Val\u00e9rie Provost - Conception web","description":"Sp\u00e9cialiste WordPress et Shopify","publisher":{"@id":"https:\/\/www.valprovost.com\/en\/#organization"},"potentialAction":[{"@type":"SearchAction","target":{"@type":"EntryPoint","urlTemplate":"https:\/\/www.valprovost.com\/en\/?s={search_term_string}"},"query-input":{"@type":"PropertyValueSpecification","valueRequired":true,"valueName":"search_term_string"}}],"inLanguage":"en-US"},{"@type":"Organization","@id":"https:\/\/www.valprovost.com\/en\/#organization","name":"Val\u00e9rie Provost - Conception web","url":"https:\/\/www.valprovost.com\/en\/","logo":{"@type":"ImageObject","inLanguage":"en-US","@id":"https:\/\/www.valprovost.com\/en\/#\/schema\/logo\/image\/","url":"https:\/\/www.valprovost.com\/wp-content\/uploads\/2022\/11\/logo_2022_v01.png","contentUrl":"https:\/\/www.valprovost.com\/wp-content\/uploads\/2022\/11\/logo_2022_v01.png","width":"600","height":"200","caption":"Val\u00e9rie Provost - Conception web"},"image":{"@id":"https:\/\/www.valprovost.com\/en\/#\/schema\/logo\/image\/"},"sameAs":["https:\/\/www.facebook.com\/valerie.provost.web\/","https:\/\/www.linkedin.com\/in\/valerieprovost\/","https:\/\/www.pinterest.com\/valerieprovost\/"]}]}},"_links":{"self":[{"href":"https:\/\/www.valprovost.com\/en\/wp-json\/wp\/v2\/product\/2996","targetHints":{"allow":["GET"]}}],"collection":[{"href":"https:\/\/www.valprovost.com\/en\/wp-json\/wp\/v2\/product"}],"about":[{"href":"https:\/\/www.valprovost.com\/en\/wp-json\/wp\/v2\/types\/product"}],"replies":[{"embeddable":true,"href":"https:\/\/www.valprovost.com\/en\/wp-json\/wp\/v2\/comments?post=2996"}],"wp:featuredmedia":[{"embeddable":true,"href":"https:\/\/www.valprovost.com\/en\/wp-json\/wp\/v2\/media\/3002"}],"wp:attachment":[{"href":"https:\/\/www.valprovost.com\/en\/wp-json\/wp\/v2\/media?parent=2996"}],"wp:term":[{"taxonomy":"product_brand","embeddable":true,"href":"https:\/\/www.valprovost.com\/en\/wp-json\/wp\/v2\/product_brand?post=2996"},{"taxonomy":"product_cat","embeddable":true,"href":"https:\/\/www.valprovost.com\/en\/wp-json\/wp\/v2\/product_cat?post=2996"},{"taxonomy":"product_tag","embeddable":true,"href":"https:\/\/www.valprovost.com\/en\/wp-json\/wp\/v2\/product_tag?post=2996"}],"curies":[{"name":"wp","href":"https:\/\/api.w.org\/{rel}","templated":true}]}}